{"id":18,"date":"2024-03-08T11:43:23","date_gmt":"2024-03-08T11:43:23","guid":{"rendered":"https:\/\/fonixfaktor.hu\/?page_id=18"},"modified":"2024-04-25T08:49:32","modified_gmt":"2024-04-25T08:49:32","slug":"banki-adosoknak","status":"publish","type":"page","link":"https:\/\/fonixfaktor.hu\/index.php\/banki-adosoknak\/","title":{"rendered":"Banki ad\u00f3soknak"},"content":{"rendered":"<p>[et_pb_section fb_built=&#8221;1&#8243; _builder_version=&#8221;4.24.3&#8243; _module_preset=&#8221;default&#8221; custom_padding=&#8221;||19px|||&#8221; global_colors_info=&#8221;{}&#8221;][et_pb_row _builder_version=&#8221;4.24.3&#8243; _module_preset=&#8221;default&#8221; global_colors_info=&#8221;{}&#8221;][et_pb_column type=&#8221;4_4&#8243; _builder_version=&#8221;4.24.3&#8243; _module_preset=&#8221;default&#8221; global_colors_info=&#8221;{}&#8221;][et_pb_text _builder_version=&#8221;4.25.0&#8243; _module_preset=&#8221;default&#8221; header_font_size=&#8221;32px&#8221; hover_enabled=&#8221;0&#8243; global_colors_info=&#8221;{}&#8221; sticky_enabled=&#8221;0&#8243;]<\/p>\n<header class=\"entry-header\">\n<hgroup>\n<h1 class=\"entry-title\" style=\"text-align: center;\">T\u00e1j\u00e9koztat\u00e1s banki ad\u00f3soknak<\/h1>\n<\/hgroup>\n<\/header>\n<div class=\"entry-content\"><\/div>\n<p>[\/et_pb_text][et_pb_text _builder_version=&#8221;4.25.0&#8243; _module_preset=&#8221;default&#8221; text_font_size=&#8221;21px&#8221; hover_enabled=&#8221;0&#8243; global_colors_info=&#8221;{}&#8221; sticky_enabled=&#8221;0&#8243;]<\/p>\n<p><b><span>Mi is az a KHR?<\/span><\/b><\/p>\n<p>\u201cA KHR a hazai p\u00e9nz\u00fcgyi int\u00e9zm\u00e9nyek kezel\u00e9s\u00e9ben \u00e1ll\u00f3 hitelinform\u00e1ci\u00f3s adatb\u00e1zis, amely hozz\u00e1j\u00e1rul ahhoz, hogy a hitelt ny\u00fajt\u00f3k felm\u00e9rj\u00e9k a hitelt ig\u00e9nyl\u0151k hitelk\u00e9pess\u00e9g\u00e9t. Ez\u00e1ltal a hitelez\u00e9si kock\u00e1zatok \u00f6sszess\u00e9g\u00e9ben cs\u00f6kkenhetnek, a felel\u0151s hitelez\u00e9si tev\u00e9kenys\u00e9g k\u00f6nnyebb\u00e9 v\u00e1lhat, \u00e9s mindez gyors\u00edthatja \u00e9s kedvez\u0151bb\u00e9 teheti a hitelfelv\u00e9telt. A KHR m\u0171k\u00f6dtet\u00e9s\u00e9nek c\u00e9lja ezen t\u00falmen\u0151en, hogy v\u00e9dje az orsz\u00e1g p\u00e9nz\u00fcgyi rendszer\u00e9t az olyan szem\u00e9lyekkel szemben, akik kor\u00e1bban vissza\u00e9l\u00e9seket k\u00f6vettek el a p\u00e9nz\u00fcgyi piacon.\u201d<\/p>\n<p><b><span>KHR link<\/span><\/b><\/p>\n<ul>\n<li><a class=\"2\" href=\"http:\/\/www.bisz.hu\/khr\" target=\"_blank\" name=\"KHR\" rel=\"noopener\">KHR \u2013 K\u00f6zponti Hitelinform\u00e1ci\u00f3s Rendszer (BISZ)<\/a><\/li>\n<\/ul>\n<p><strong>P\u00e9nz\u00fcgyi fogyaszt\u00f3v\u00e9delmi k\u00f6zpont<\/strong><\/p>\n<ul>\n<li><span><a href=\"http:\/\/felugyelet.mnb.hu\/fogyasztoknak\" target=\"_blank\" name=\"PSZ\u00c1F\" rel=\"noopener\">MNB P\u00e9nz\u00fcgyi Fogyaszt\u00f3v\u00e9delmi K\u00f6zpont oldala<\/a><\/span><\/li>\n<li><a href=\"http:\/\/felugyelet.mnb.hu\/fogyasztoknak\/alkalmazasok\" target=\"_blank\" name=\"PSZ\u00c1F\" rel=\"noopener\">Az MNB online alkalmaz\u00e1sai<\/a><\/li>\n<\/ul>\n<p>&nbsp;<\/p>\n<p><strong>P\u00e9nz\u00fcgyi fogyaszt\u00f3v\u00e9delmi tan\u00e1csad\u00f3<\/strong><\/p>\n<ul>\n<li><a class=\"2\" href=\"http:\/\/www.penzugyifogyaszto.hu\/\" target=\"_blank\" name=\"KHR\" rel=\"noopener\">http:\/\/www.penzugyifogyaszto.hu\/<\/a><\/li>\n<\/ul>\n<p>&nbsp;<\/p>\n<p>[\/et_pb_text][\/et_pb_column][\/et_pb_row][\/et_pb_section]<\/p>\n","protected":false},"excerpt":{"rendered":"<p>T\u00e1j\u00e9koztat\u00e1s banki ad\u00f3soknak Mi is az a KHR? \u201cA KHR a hazai p\u00e9nz\u00fcgyi int\u00e9zm\u00e9nyek kezel\u00e9s\u00e9ben \u00e1ll\u00f3 hitelinform\u00e1ci\u00f3s adatb\u00e1zis, amely hozz\u00e1j\u00e1rul ahhoz, hogy a hitelt ny\u00fajt\u00f3k felm\u00e9rj\u00e9k a hitelt ig\u00e9nyl\u0151k hitelk\u00e9pess\u00e9g\u00e9t. Ez\u00e1ltal a hitelez\u00e9si kock\u00e1zatok \u00f6sszess\u00e9g\u00e9ben cs\u00f6kkenhetnek, a felel\u0151s hitelez\u00e9si tev\u00e9kenys\u00e9g k\u00f6nnyebb\u00e9 v\u00e1lhat, \u00e9s mindez gyors\u00edthatja \u00e9s kedvez\u0151bb\u00e9 teheti a hitelfelv\u00e9telt. A KHR m\u0171k\u00f6dtet\u00e9s\u00e9nek c\u00e9lja ezen [&hellip;]<\/p>\n","protected":false},"author":1,"featured_media":0,"parent":0,"menu_order":0,"comment_status":"closed","ping_status":"closed","template":"","meta":{"_et_pb_use_builder":"on","_et_pb_old_content":"<!-- wp:divi\/placeholder \/-->","_et_gb_content_width":"","footnotes":""},"class_list":["post-18","page","type-page","status-publish","hentry"],"_links":{"self":[{"href":"https:\/\/fonixfaktor.hu\/index.php\/wp-json\/wp\/v2\/pages\/18","targetHints":{"allow":["GET"]}}],"collection":[{"href":"https:\/\/fonixfaktor.hu\/index.php\/wp-json\/wp\/v2\/pages"}],"about":[{"href":"https:\/\/fonixfaktor.hu\/index.php\/wp-json\/wp\/v2\/types\/page"}],"author":[{"embeddable":true,"href":"https:\/\/fonixfaktor.hu\/index.php\/wp-json\/wp\/v2\/users\/1"}],"replies":[{"embeddable":true,"href":"https:\/\/fonixfaktor.hu\/index.php\/wp-json\/wp\/v2\/comments?post=18"}],"version-history":[{"count":4,"href":"https:\/\/fonixfaktor.hu\/index.php\/wp-json\/wp\/v2\/pages\/18\/revisions"}],"predecessor-version":[{"id":122,"href":"https:\/\/fonixfaktor.hu\/index.php\/wp-json\/wp\/v2\/pages\/18\/revisions\/122"}],"wp:attachment":[{"href":"https:\/\/fonixfaktor.hu\/index.php\/wp-json\/wp\/v2\/media?parent=18"}],"curies":[{"name":"wp","href":"https:\/\/api.w.org\/{rel}","templated":true}]}}